{"id":418,"date":"2018-12-23T15:10:26","date_gmt":"2018-12-23T15:10:26","guid":{"rendered":"http:\/\/aikido-mosbach.com\/?page_id=418"},"modified":"2026-04-12T08:27:52","modified_gmt":"2026-04-12T08:27:52","slug":"sumoringen","status":"publish","type":"page","link":"https:\/\/aikido-mosbach.com\/?page_id=418","title":{"rendered":"Neuer Anf\u00e4ngerkurs"},"content":{"rendered":"<p>[et_pb_section bb_built=&#8220;1&#8243; specialty=&#8220;off&#8220; next_background_color=&#8220;#ffffff&#8220; _builder_version=&#8220;3.17.6&#8243; background_image=&#8220;http:\/\/aikido-mosbach.com\/wp-content\/uploads\/2018\/11\/zengarten9_7.jpg&#8220; background_size=&#8220;contain&#8220; custom_margin=&#8220;0px|||&#8220;][et_pb_row _builder_version=&#8220;3.17.6&#8243; make_equal=&#8220;on&#8220; custom_margin=&#8220;0px|||&#8220;][et_pb_column type=&#8220;4_4&#8243;][et_pb_divider _builder_version=&#8220;3.17.6&#8243; show_divider=&#8220;off&#8220; height=&#8220;0px&#8220; \/][\/et_pb_column][\/et_pb_row][\/et_pb_section][et_pb_section bb_built=&#8220;1&#8243; specialty=&#8220;on&#8220; prev_background_color=&#8220;#000000&#8243; _builder_version=&#8220;3.17.6&#8243; make_fullwidth=&#8220;on&#8220; inner_shadow=&#8220;on&#8220; custom_margin=&#8220;-30px|||&#8220;][et_pb_column type=&#8220;1_2&#8243;][et_pb_text _builder_version=&#8220;3.17.6&#8243; text_line_height=&#8220;1em&#8220; header_font_size=&#8220;28px&#8220; text_font_size=&#8220;28px&#8220; custom_margin=&#8220;-40px|||&#8220; text_font=&#8220;Arial||||||||&#8220;]<\/p>\n<p><span style=\"color: #f70505;\"><strong>Neuer Anf\u00e4ngerkurs <\/strong><\/span><\/p>\n<p>[\/et_pb_text][et_pb_text _builder_version=&#8220;3.17.6&#8243; custom_margin=&#8220;-20px|||&#8220; text_font=&#8220;Arial||||||||&#8220;]<\/p>\n<p>Wir feiern 30 Jahre AIKIDO Mosbach e.V.<br \/>\nInteressierte sind recht herzlich zu unserem kostenfreien Beginnerkurs eingeladen.<br \/>\nAikido ist eine japanische Kampfkunst. Im Vordergrund stehen Aspekte der Meditation, japanischen<br \/>\nGymnastik (Taiso), sinnvoll abgestimmte Bewegungsformen und Verteidigungstechniken,<br \/>\nteilweise auch mit Stab (Jo) und dem Holzschwert (Bokken).<br \/>\nAikido ist kein Wettkampfsport, wir trainieren miteinander.<br \/>\nErfahrungsgem\u00e4\u00df werden u.a. Beweglichkeit, Koordination, Aufmerksamkeit und Selbstbewusstsein<br \/>\ndurch die regelm\u00e4\u00dfige Teilnahme an unseren Trainings verbessert.<br \/>\nAlle ab einem Alter von 14 Jahren k\u00f6nnen unser Aikido erlernen.<br \/>\nAlles, was f\u00fcr den Start ben\u00f6tigt wird, sind T-Shirt, Jogginghose und Badelatschen (f\u00fcr den Weg von der<br \/>\nUmkleide in die Halle und zur\u00fcck). Waschm\u00f6glichkeiten sind vorhanden.<br \/>\nZeitraum: jeweils mittwochs, 29.04.-17.06.2026 von 19:00 bis 21:00 Uhr (kein Training in den Schulferien)<br \/>\nTrainingsort: Gymnastikhalle (Erdgeschoss)<br \/>\nM\u00fcller &#8211; Guttenbrunn &#8211; Schule<br \/>\nN\u00fcstenbacherstr.71, 74821 Mosbach<\/p>\n<p>[\/et_pb_text][\/et_pb_column][et_pb_column type=&#8220;1_2&#8243; specialty_columns=&#8220;3&#8243;][et_pb_row_inner admin_label=&#8220;Zeile&#8220; _builder_version=&#8220;3.17.6&#8243; custom_margin=&#8220;-40px||-30px|0px&#8220; use_custom_gutter=&#8220;on&#8220; gutter_width=&#8220;1&#8243; make_equal=&#8220;on&#8220; hover_transition_duration=&#8220;50ms&#8220; animation_style=&#8220;fold&#8220;][et_pb_column_inner type=&#8220;1_2&#8243; saved_specialty_column_type=&#8220;1_2&#8243;][et_pb_image _builder_version=&#8220;3.17.6&#8243; custom_margin=&#8220;1px|1px|1px|1px&#8220; align=&#8220;center&#8220; show_in_lightbox=&#8220;on&#8220; force_fullwidth=&#8220;on&#8220; \/][et_pb_image _builder_version=&#8220;3.17.6&#8243;&#8220; custom_margin=&#8220;1px|1px|1px|1px&#8220; show_in_lightbox=&#8220;on&#8220; \/][\/et_pb_column_inner][et_pb_column_inner type=&#8220;1_2&#8243; saved_specialty_column_type=&#8220;1_2&#8243;][et_pb_image _builder_version=&#8220;3.17.6&#8243; align=&#8220;center&#8220; force_fullwidth=&#8220;on&#8220; custom_margin=&#8220;1px|1px|1px|1px&#8220; show_in_lightbox=&#8220;on&#8220; \/][et_pb_image _builder_version=&#8220;3.17.6&#8243; custom_margin=&#8220;1px|1px|1px|1px&#8220; show_in_lightbox=&#8220;on&#8220; \/][\/et_pb_column_inner][\/et_pb_row_inner][\/et_pb_column][\/et_pb_section]<\/p>\n","protected":false},"excerpt":{"rendered":"<p>[et_pb_section bb_built=&#8220;1&#8243; specialty=&#8220;off&#8220; next_background_color=&#8220;#ffffff&#8220; _builder_version=&#8220;3.17.6&#8243; background_image=&#8220;http:\/\/aikido-mosbach.com\/wp-content\/uploads\/2018\/11\/zengarten9_7.jpg&#8220; background_size=&#8220;contain&#8220; custom_margin=&#8220;0px|||&#8220;][et_pb_row _builder_version=&#8220;3.17.6&#8243; make_equal=&#8220;on&#8220; custom_margin=&#8220;0px|||&#8220;][et_pb_column type=&#8220;4_4&#8243;][et_pb_divider _builder_version=&#8220;3.17.6&#8243; show_divider=&#8220;off&#8220; height=&#8220;0px&#8220; \/][\/et_pb_column][\/et_pb_row][\/et_pb_section][et_pb_section bb_built=&#8220;1&#8243; specialty=&#8220;on&#8220; prev_background_color=&#8220;#000000&#8243; _builder_version=&#8220;3.17.6&#8243; make_fullwidth=&#8220;on&#8220; inner_shadow=&#8220;on&#8220; custom_margin=&#8220;-30px|||&#8220;][et_pb_column type=&#8220;1_2&#8243;][et_pb_text _builder_version=&#8220;3.17.6&#8243; text_line_height=&#8220;1em&#8220; header_font_size=&#8220;28px&#8220; text_font_size=&#8220;28px&#8220; custom_margin=&#8220;-40px|||&#8220; text_font=&#8220;Arial||||||||&#8220;] Neuer Anf\u00e4ngerkurs [\/et_pb_text][et_pb_text _builder_version=&#8220;3.17.6&#8243; custom_margin=&#8220;-20px|||&#8220; text_font=&#8220;Arial||||||||&#8220;] Wir feiern 30 Jahre AIKIDO Mosbach e.V. Interessierte sind recht herzlich zu unserem kostenfreien Beginnerkurs eingeladen. Aikido ist eine [&hellip;]<\/p>\n","protected":false},"author":1,"featured_media":0,"parent":0,"menu_order":0,"comment_status":"closed","ping_status":"closed","template":"","meta":{"footnotes":""},"class_list":["post-418","page","type-page","status-publish","hentry"],"_links":{"self":[{"href":"https:\/\/aikido-mosbach.com\/index.php?rest_route=\/wp\/v2\/pages\/418","targetHints":{"allow":["GET"]}}],"collection":[{"href":"https:\/\/aikido-mosbach.com\/index.php?rest_route=\/wp\/v2\/pages"}],"about":[{"href":"https:\/\/aikido-mosbach.com\/index.php?rest_route=\/wp\/v2\/types\/page"}],"author":[{"embeddable":true,"href":"https:\/\/aikido-mosbach.com\/index.php?rest_route=\/wp\/v2\/users\/1"}],"replies":[{"embeddable":true,"href":"https:\/\/aikido-mosbach.com\/index.php?rest_route=%2Fwp%2Fv2%2Fcomments&post=418"}],"version-history":[{"count":4,"href":"https:\/\/aikido-mosbach.com\/index.php?rest_route=\/wp\/v2\/pages\/418\/revisions"}],"predecessor-version":[{"id":875,"href":"https:\/\/aikido-mosbach.com\/index.php?rest_route=\/wp\/v2\/pages\/418\/revisions\/875"}],"wp:attachment":[{"href":"https:\/\/aikido-mosbach.com\/index.php?rest_route=%2Fwp%2Fv2%2Fmedia&parent=418"}],"curies":[{"name":"wp","href":"https:\/\/api.w.org\/{rel}","templated":true}]}}