{"id":337,"date":"2018-12-09T15:25:31","date_gmt":"2018-12-09T15:25:31","guid":{"rendered":"http:\/\/aikido-mosbach.com\/?page_id=337"},"modified":"2020-10-03T14:04:08","modified_gmt":"2020-10-03T14:04:08","slug":"kindertraining","status":"publish","type":"page","link":"https:\/\/aikido-mosbach.com\/?page_id=337","title":{"rendered":"Kindertraining"},"content":{"rendered":"<p>[et_pb_section bb_built=&#8220;1&#8243; specialty=&#8220;off&#8220; next_background_color=&#8220;#ffffff&#8220; _builder_version=&#8220;3.17.6&#8243; background_image=&#8220;https:\/\/aikido-mosbach.com\/wp-content\/uploads\/2019\/01\/zengarten9_9.jpg&#8220; background_size=&#8220;contain&#8220; custom_margin=&#8220;0px|||&#8220;][et_pb_row _builder_version=&#8220;3.17.6&#8243; make_equal=&#8220;on&#8220; custom_margin=&#8220;0px|||&#8220;][et_pb_column type=&#8220;4_4&#8243;][et_pb_divider _builder_version=&#8220;3.17.6&#8243; show_divider=&#8220;off&#8220; height=&#8220;0px&#8220; \/][\/et_pb_column][\/et_pb_row][\/et_pb_section][et_pb_section bb_built=&#8220;1&#8243; specialty=&#8220;on&#8220; prev_background_color=&#8220;#000000&#8243; _builder_version=&#8220;3.17.6&#8243; make_fullwidth=&#8220;on&#8220; inner_shadow=&#8220;on&#8220; custom_margin=&#8220;-30px|||&#8220;][et_pb_column type=&#8220;1_2&#8243;][et_pb_text _builder_version=&#8220;3.17.6&#8243; text_line_height=&#8220;1em&#8220; header_font_size=&#8220;28px&#8220; text_font_size=&#8220;28px&#8220; custom_margin=&#8220;-40px|||&#8220; text_font=&#8220;Arial||||||||&#8220;]<\/p>\n<p><span style=\"color: #f70505;\"><strong> Kinder- &#038; Jugendtraining <\/strong><\/span><\/p>\n<p>[\/et_pb_text][et_pb_text _builder_version=&#8220;3.17.6&#8243; custom_margin=&#8220;-20px|||&#8220; text_font=&#8220;Arial||||||||&#8220;]<\/p>\n<p><span style=\"font-family: Verdana;\">Aikdio Mosbach bietet seit 1996 Kinder- &amp; Jugendtraining an. <\/span><\/p>\n<p><span style=\"font-family: Verdana;\">Aikido als Kampfkunst bietet einige positive Nebeneffekte, wie die Schulung der motorischen F\u00e4higkeiten und der Wahrnehmung, muskul\u00e4re Stabilit\u00e4t und\u00a0 Flexibilit\u00e4t sowie innere Ausgeglichenheit. Wie in allen asiatischen Kampfk\u00fcnsten ist aber auch Disziplin gefordert.<\/span><\/p>\n<p><span style=\"color: #ffffff; font-family: Verdana;\"> <span class=\"auto-style1\">Das Einstiegsalter f\u00fcr Kinder ist 10 Jahre. Der Verein achtet sehr darauf, Kinder nicht zu \u00fcberfordern. Durch gemeinsames Spielen w\u00e4hrend des Trainings, k\u00f6nnen sie sich immer wieder austoben und entspannen.\u00a0<\/span> <\/span><\/p>\n<p>[\/et_pb_text][\/et_pb_column][et_pb_column type=&#8220;1_2&#8243; specialty_columns=&#8220;3&#8243;][et_pb_row_inner admin_label=&#8220;Zeile&#8220; _builder_version=&#8220;3.17.6&#8243; custom_margin=&#8220;-40px||-30px|0px&#8220; use_custom_gutter=&#8220;on&#8220; gutter_width=&#8220;1&#8243; make_equal=&#8220;on&#8220; hover_transition_duration=&#8220;50ms&#8220; animation_style=&#8220;fold&#8220;][et_pb_column_inner type=&#8220;1_3&#8243; saved_specialty_column_type=&#8220;1_2&#8243;][et_pb_image _builder_version=&#8220;3.17.6&#8243; src=&#8220;https:\/\/aikido-mosbach.com\/wp-content\/uploads\/2020\/10\/5.jpg&#8220; custom_margin=&#8220;1px|1px|1px|1px&#8220; align=&#8220;center&#8220; show_in_lightbox=&#8220;on&#8220; force_fullwidth=&#8220;on&#8220; \/][et_pb_image _builder_version=&#8220;3.17.6&#8243; src=&#8220;http:\/\/aikido-mosbach.com\/wp-content\/uploads\/2018\/11\/1.jpg&#8220; custom_margin=&#8220;1px|1px|1px|1px&#8220; show_in_lightbox=&#8220;on&#8220; \/][et_pb_image _builder_version=&#8220;3.17.6&#8243; src=&#8220;https:\/\/aikido-mosbach.com\/wp-content\/uploads\/2020\/10\/3.jpg&#8220; custom_margin=&#8220;1px|1px|1px|1px&#8220; show_in_lightbox=&#8220;on&#8220; \/][\/et_pb_column_inner][et_pb_column_inner type=&#8220;1_3&#8243; saved_specialty_column_type=&#8220;1_2&#8243;][et_pb_image _builder_version=&#8220;3.17.6&#8243; src=&#8220;https:\/\/aikido-mosbach.com\/wp-content\/uploads\/2020\/10\/2.jpg&#8220; align=&#8220;center&#8220; force_fullwidth=&#8220;on&#8220; custom_margin=&#8220;1px|1px|1px|1px&#8220; show_in_lightbox=&#8220;on&#8220; \/][et_pb_image _builder_version=&#8220;3.17.6&#8243; src=&#8220;http:\/\/aikido-mosbach.com\/wp-content\/uploads\/2018\/11\/9.jpg&#8220; custom_margin=&#8220;1px|1px|1px|1px&#8220; show_in_lightbox=&#8220;on&#8220; \/][et_pb_image _builder_version=&#8220;3.17.6&#8243; src=&#8220;http:\/\/aikido-mosbach.com\/wp-content\/uploads\/2018\/11\/12.jpg&#8220; custom_margin=&#8220;1px|1px|1px|1px&#8220; show_in_lightbox=&#8220;on&#8220; \/][\/et_pb_column_inner][et_pb_column_inner type=&#8220;1_3&#8243; saved_specialty_column_type=&#8220;1_2&#8243;][et_pb_image _builder_version=&#8220;3.17.6&#8243; src=&#8220;http:\/\/aikido-mosbach.com\/wp-content\/uploads\/2018\/11\/6.jpg&#8220; align=&#8220;center&#8220; custom_margin=&#8220;1px|1px|1px|1px&#8220; show_in_lightbox=&#8220;on&#8220; \/][et_pb_image _builder_version=&#8220;3.17.6&#8243; src=&#8220;https:\/\/aikido-mosbach.com\/wp-content\/uploads\/2020\/10\/8.jpg&#8220; custom_margin=&#8220;1px|1px|1px|1px&#8220; show_in_lightbox=&#8220;on&#8220; \/][et_pb_image _builder_version=&#8220;3.17.6&#8243; src=&#8220;http:\/\/aikido-mosbach.com\/wp-content\/uploads\/2018\/11\/10.jpg&#8220; custom_margin=&#8220;1px|1px|1px|1px&#8220; show_in_lightbox=&#8220;on&#8220; \/][\/et_pb_column_inner][\/et_pb_row_inner][\/et_pb_column][\/et_pb_section]<\/p>\n","protected":false},"excerpt":{"rendered":"<p>[et_pb_section bb_built=&#8220;1&#8243; specialty=&#8220;off&#8220; next_background_color=&#8220;#ffffff&#8220; _builder_version=&#8220;3.17.6&#8243; background_image=&#8220;https:\/\/aikido-mosbach.com\/wp-content\/uploads\/2019\/01\/zengarten9_9.jpg&#8220; background_size=&#8220;contain&#8220; custom_margin=&#8220;0px|||&#8220;][et_pb_row _builder_version=&#8220;3.17.6&#8243; make_equal=&#8220;on&#8220; custom_margin=&#8220;0px|||&#8220;][et_pb_column type=&#8220;4_4&#8243;][et_pb_divider _builder_version=&#8220;3.17.6&#8243; show_divider=&#8220;off&#8220; height=&#8220;0px&#8220; \/][\/et_pb_column][\/et_pb_row][\/et_pb_section][et_pb_section bb_built=&#8220;1&#8243; specialty=&#8220;on&#8220; prev_background_color=&#8220;#000000&#8243; _builder_version=&#8220;3.17.6&#8243; make_fullwidth=&#8220;on&#8220; inner_shadow=&#8220;on&#8220; custom_margin=&#8220;-30px|||&#8220;][et_pb_column type=&#8220;1_2&#8243;][et_pb_text _builder_version=&#8220;3.17.6&#8243; text_line_height=&#8220;1em&#8220; header_font_size=&#8220;28px&#8220; text_font_size=&#8220;28px&#8220; custom_margin=&#8220;-40px|||&#8220; text_font=&#8220;Arial||||||||&#8220;] Kinder- &#038; Jugendtraining [\/et_pb_text][et_pb_text _builder_version=&#8220;3.17.6&#8243; custom_margin=&#8220;-20px|||&#8220; text_font=&#8220;Arial||||||||&#8220;] Aikdio Mosbach bietet seit 1996 Kinder- &amp; Jugendtraining an. Aikido als Kampfkunst bietet einige positive Nebeneffekte, wie die [&hellip;]<\/p>\n","protected":false},"author":1,"featured_media":0,"parent":0,"menu_order":0,"comment_status":"closed","ping_status":"closed","template":"","meta":{"footnotes":""},"class_list":["post-337","page","type-page","status-publish","hentry"],"_links":{"self":[{"href":"https:\/\/aikido-mosbach.com\/index.php?rest_route=\/wp\/v2\/pages\/337","targetHints":{"allow":["GET"]}}],"collection":[{"href":"https:\/\/aikido-mosbach.com\/index.php?rest_route=\/wp\/v2\/pages"}],"about":[{"href":"https:\/\/aikido-mosbach.com\/index.php?rest_route=\/wp\/v2\/types\/page"}],"author":[{"embeddable":true,"href":"https:\/\/aikido-mosbach.com\/index.php?rest_route=\/wp\/v2\/users\/1"}],"replies":[{"embeddable":true,"href":"https:\/\/aikido-mosbach.com\/index.php?rest_route=%2Fwp%2Fv2%2Fcomments&post=337"}],"version-history":[{"count":5,"href":"https:\/\/aikido-mosbach.com\/index.php?rest_route=\/wp\/v2\/pages\/337\/revisions"}],"predecessor-version":[{"id":773,"href":"https:\/\/aikido-mosbach.com\/index.php?rest_route=\/wp\/v2\/pages\/337\/revisions\/773"}],"wp:attachment":[{"href":"https:\/\/aikido-mosbach.com\/index.php?rest_route=%2Fwp%2Fv2%2Fmedia&parent=337"}],"curies":[{"name":"wp","href":"https:\/\/api.w.org\/{rel}","templated":true}]}}